{"id":2032,"date":"2022-01-20T16:47:11","date_gmt":"2022-01-20T15:47:11","guid":{"rendered":"https:\/\/www.nantes-chercheur.org\/les-temoignages\/"},"modified":"2022-06-06T11:56:37","modified_gmt":"2022-06-06T09:56:37","slug":"testimonials","status":"publish","type":"page","link":"https:\/\/www.nantes-chercheur.org\/en\/testimonials\/","title":{"rendered":"Testimonials"},"content":{"rendered":"\n<div class=\"wp-block-columns is-layout-flex wp-container-core-columns-is-layout-9d6595d7 wp-block-columns-is-layout-flex\" style=\"padding-top:15px;padding-bottom:15px;border-radius:none\">\n<div class=\"wp-block-column is-layout-flow wp-block-column-is-layout-flow\" style=\"flex-basis:66.66%\">\n<h1 class=\"wp-block-heading\" id=\"testimonials\">Testimonials<\/h1>\n\n\n\n<p class=\"has-black-color has-text-color\">Throughout the year, the association Chercheurs \u00c9trangers \u00e0 Nantes (Foreign Researchers in Nantes) welcomes and accompanies foreign researchers settling in Nantes, whatever the duration of their stay. Discover here some testimonies of their experience with the association.<\/p>\n<\/div>\n\n\n\n<div class=\"wp-block-column is-vertically-aligned-center euraxess-white is-layout-flow wp-block-column-is-layout-flow\" style=\"flex-basis:33.33%\">\n<div class=\"wp-block-columns are-vertically-aligned-center is-layout-flex wp-container-core-columns-is-layout-9d6595d7 wp-block-columns-is-layout-flex\" style=\"padding-top:15px;padding-bottom:15px;border-radius:none\">\n<div class=\"wp-block-column is-vertically-aligned-center has-white-background-color has-background is-layout-flow wp-block-column-is-layout-flow\">\n<div class=\"wp-block-image\"><figure class=\"aligncenter size-full\"><img decoding=\"async\" width=\"270\" height=\"180\" src=\"https:\/\/www.nantes-chercheur.org\/wp-content\/uploads\/euraxess-logo-png.png\" alt=\"logo euraxess researchers in motion\" class=\"wp-image-1992\"\/><\/figure><\/div>\n\n\n\n<div class=\"wp-block-buttons is-horizontal is-content-justification-center is-layout-flex wp-container-core-buttons-is-layout-499968f5 wp-block-buttons-is-layout-flex\">\n<div class=\"wp-block-button\"><a class=\"wp-block-button__link has-white-color has-primary-background-color has-text-color has-background\" href=\"https:\/\/www.euraxess.fr\/\" target=\"_blank\" rel=\"noreferrer noopener\">Discover Euraxess France<\/a><\/div>\n<\/div>\n<\/div>\n<\/div>\n<\/div>\n<\/div>\n","protected":false},"excerpt":{"rendered":"<p>Testimonials Throughout the year, the association Chercheurs \u00c9trangers \u00e0 Nantes (Foreign Researchers in Nantes) welcomes and accompanies foreign researchers settling in Nantes, whatever the duration of their stay. Discover here some testimonies of their experience with the association.<\/p>\n","protected":false},"author":1,"featured_media":0,"parent":0,"menu_order":0,"comment_status":"closed","ping_status":"closed","template":"","meta":{"_acf_changed":false,"_ic_gray_background":true,"_ic_background_position_x":0.5,"_ic_background_position_y":0,"footnotes":""},"class_list":["post-2032","page","type-page","status-publish","hentry"],"acf":[],"yoast_head":"<!-- This site is optimized with the Yoast SEO plugin v27.0 - https:\/\/yoast.com\/product\/yoast-seo-wordpress\/ -->\n<title>Testimonials &#8211; Chercheurs \u00e9trangers \u00e0 Nantes<\/title>\n<meta name=\"description\" content=\"Testimonials Throughout the year, the association Chercheurs \u00c9trangers \u00e0 Nantes (Foreign Researchers in Nantes) welcomes and accompanies foreign\" \/>\n<meta name=\"robots\" content=\"index, follow, max-snippet:-1, max-image-preview:large, max-video-preview:-1\" \/>\n<link rel=\"canonical\" href=\"https:\/\/www.nantes-chercheur.org\/en\/testimonials\/\" \/>\n<meta property=\"og:locale\" content=\"en_US\" \/>\n<meta property=\"og:type\" content=\"article\" \/>\n<meta property=\"og:title\" content=\"Testimonials &#8211; Chercheurs \u00e9trangers \u00e0 Nantes\" \/>\n<meta property=\"og:description\" content=\"Testimonials Throughout the year, the association Chercheurs \u00c9trangers \u00e0 Nantes (Foreign Researchers in Nantes) welcomes and accompanies foreign\" \/>\n<meta property=\"og:url\" content=\"https:\/\/www.nantes-chercheur.org\/en\/testimonials\/\" \/>\n<meta property=\"og:site_name\" content=\"Chercheurs \u00e9trangers \u00e0 Nantes\" \/>\n<meta property=\"article:modified_time\" content=\"2022-06-06T09:56:37+00:00\" \/>\n<meta property=\"og:image\" content=\"https:\/\/www.nantes-chercheur.org\/wp-content\/uploads\/euraxess-logo-png.png\" \/>\n<meta name=\"twitter:card\" content=\"summary_large_image\" \/>\n<meta name=\"twitter:label1\" content=\"Est. reading time\" \/>\n\t<meta name=\"twitter:data1\" content=\"1 minute\" \/>\n<script type=\"application\/ld+json\" class=\"yoast-schema-graph\">{\"@context\":\"https:\/\/schema.org\",\"@graph\":[{\"@type\":\"WebPage\",\"@id\":\"https:\/\/www.nantes-chercheur.org\/en\/testimonials\/\",\"url\":\"https:\/\/www.nantes-chercheur.org\/en\/testimonials\/\",\"name\":\"Testimonials &#8211; Chercheurs \u00e9trangers \u00e0 Nantes\",\"isPartOf\":{\"@id\":\"https:\/\/www.nantes-chercheur.org\/en\/#website\"},\"primaryImageOfPage\":{\"@id\":\"https:\/\/www.nantes-chercheur.org\/en\/testimonials\/#primaryimage\"},\"image\":{\"@id\":\"https:\/\/www.nantes-chercheur.org\/en\/testimonials\/#primaryimage\"},\"thumbnailUrl\":\"https:\/\/www.nantes-chercheur.org\/wp-content\/uploads\/euraxess-logo-png.png\",\"datePublished\":\"2022-01-20T15:47:11+00:00\",\"dateModified\":\"2022-06-06T09:56:37+00:00\",\"description\":\"Testimonials Throughout the year, the association Chercheurs \u00c9trangers \u00e0 Nantes (Foreign Researchers in Nantes) welcomes and accompanies foreign\",\"breadcrumb\":{\"@id\":\"https:\/\/www.nantes-chercheur.org\/en\/testimonials\/#breadcrumb\"},\"inLanguage\":\"en\",\"potentialAction\":[{\"@type\":\"ReadAction\",\"target\":[\"https:\/\/www.nantes-chercheur.org\/en\/testimonials\/\"]}]},{\"@type\":\"ImageObject\",\"inLanguage\":\"en\",\"@id\":\"https:\/\/www.nantes-chercheur.org\/en\/testimonials\/#primaryimage\",\"url\":\"https:\/\/www.nantes-chercheur.org\/wp-content\/uploads\/euraxess-logo-png.png\",\"contentUrl\":\"https:\/\/www.nantes-chercheur.org\/wp-content\/uploads\/euraxess-logo-png.png\"},{\"@type\":\"BreadcrumbList\",\"@id\":\"https:\/\/www.nantes-chercheur.org\/en\/testimonials\/#breadcrumb\",\"itemListElement\":[{\"@type\":\"ListItem\",\"position\":1,\"name\":\"Accueil\",\"item\":\"https:\/\/www.nantes-chercheur.org\/en\/\"},{\"@type\":\"ListItem\",\"position\":2,\"name\":\"Testimonials\"}]},{\"@type\":\"WebSite\",\"@id\":\"https:\/\/www.nantes-chercheur.org\/en\/#website\",\"url\":\"https:\/\/www.nantes-chercheur.org\/en\/\",\"name\":\"Chercheurs \u00e9trangers \u00e0 Nantes\",\"description\":\"\",\"publisher\":{\"@id\":\"https:\/\/www.nantes-chercheur.org\/en\/#organization\"},\"potentialAction\":[{\"@type\":\"SearchAction\",\"target\":{\"@type\":\"EntryPoint\",\"urlTemplate\":\"https:\/\/www.nantes-chercheur.org\/en\/?s={search_term_string}\"},\"query-input\":{\"@type\":\"PropertyValueSpecification\",\"valueRequired\":true,\"valueName\":\"search_term_string\"}}],\"inLanguage\":\"en\"},{\"@type\":\"Organization\",\"@id\":\"https:\/\/www.nantes-chercheur.org\/en\/#organization\",\"name\":\"Association des Chercheurs \u00c9trangers \u00e0 Nantes\",\"url\":\"https:\/\/www.nantes-chercheur.org\/en\/\",\"logo\":{\"@type\":\"ImageObject\",\"inLanguage\":\"en\",\"@id\":\"https:\/\/www.nantes-chercheur.org\/en\/#\/schema\/logo\/image\/\",\"url\":\"https:\/\/www.nantes-chercheur.org\/wp-content\/uploads\/logo-chercheurs-etrangers-nantes.png\",\"contentUrl\":\"https:\/\/www.nantes-chercheur.org\/wp-content\/uploads\/logo-chercheurs-etrangers-nantes.png\",\"width\":305,\"height\":126,\"caption\":\"Association des Chercheurs \u00c9trangers \u00e0 Nantes\"},\"image\":{\"@id\":\"https:\/\/www.nantes-chercheur.org\/en\/#\/schema\/logo\/image\/\"}}]}<\/script>\n<!-- \/ Yoast SEO plugin. -->","yoast_head_json":{"title":"Testimonials &#8211; Chercheurs \u00e9trangers \u00e0 Nantes","description":"Testimonials Throughout the year, the association Chercheurs \u00c9trangers \u00e0 Nantes (Foreign Researchers in Nantes) welcomes and accompanies foreign","robots":{"index":"index","follow":"follow","max-snippet":"max-snippet:-1","max-image-preview":"max-image-preview:large","max-video-preview":"max-video-preview:-1"},"canonical":"https:\/\/www.nantes-chercheur.org\/en\/testimonials\/","og_locale":"en_US","og_type":"article","og_title":"Testimonials &#8211; Chercheurs \u00e9trangers \u00e0 Nantes","og_description":"Testimonials Throughout the year, the association Chercheurs \u00c9trangers \u00e0 Nantes (Foreign Researchers in Nantes) welcomes and accompanies foreign","og_url":"https:\/\/www.nantes-chercheur.org\/en\/testimonials\/","og_site_name":"Chercheurs \u00e9trangers \u00e0 Nantes","article_modified_time":"2022-06-06T09:56:37+00:00","og_image":[{"url":"https:\/\/www.nantes-chercheur.org\/wp-content\/uploads\/euraxess-logo-png.png","type":"","width":"","height":""}],"twitter_card":"summary_large_image","twitter_misc":{"Est. reading time":"1 minute"},"schema":{"@context":"https:\/\/schema.org","@graph":[{"@type":"WebPage","@id":"https:\/\/www.nantes-chercheur.org\/en\/testimonials\/","url":"https:\/\/www.nantes-chercheur.org\/en\/testimonials\/","name":"Testimonials &#8211; Chercheurs \u00e9trangers \u00e0 Nantes","isPartOf":{"@id":"https:\/\/www.nantes-chercheur.org\/en\/#website"},"primaryImageOfPage":{"@id":"https:\/\/www.nantes-chercheur.org\/en\/testimonials\/#primaryimage"},"image":{"@id":"https:\/\/www.nantes-chercheur.org\/en\/testimonials\/#primaryimage"},"thumbnailUrl":"https:\/\/www.nantes-chercheur.org\/wp-content\/uploads\/euraxess-logo-png.png","datePublished":"2022-01-20T15:47:11+00:00","dateModified":"2022-06-06T09:56:37+00:00","description":"Testimonials Throughout the year, the association Chercheurs \u00c9trangers \u00e0 Nantes (Foreign Researchers in Nantes) welcomes and accompanies foreign","breadcrumb":{"@id":"https:\/\/www.nantes-chercheur.org\/en\/testimonials\/#breadcrumb"},"inLanguage":"en","potentialAction":[{"@type":"ReadAction","target":["https:\/\/www.nantes-chercheur.org\/en\/testimonials\/"]}]},{"@type":"ImageObject","inLanguage":"en","@id":"https:\/\/www.nantes-chercheur.org\/en\/testimonials\/#primaryimage","url":"https:\/\/www.nantes-chercheur.org\/wp-content\/uploads\/euraxess-logo-png.png","contentUrl":"https:\/\/www.nantes-chercheur.org\/wp-content\/uploads\/euraxess-logo-png.png"},{"@type":"BreadcrumbList","@id":"https:\/\/www.nantes-chercheur.org\/en\/testimonials\/#breadcrumb","itemListElement":[{"@type":"ListItem","position":1,"name":"Accueil","item":"https:\/\/www.nantes-chercheur.org\/en\/"},{"@type":"ListItem","position":2,"name":"Testimonials"}]},{"@type":"WebSite","@id":"https:\/\/www.nantes-chercheur.org\/en\/#website","url":"https:\/\/www.nantes-chercheur.org\/en\/","name":"Chercheurs \u00e9trangers \u00e0 Nantes","description":"","publisher":{"@id":"https:\/\/www.nantes-chercheur.org\/en\/#organization"},"potentialAction":[{"@type":"SearchAction","target":{"@type":"EntryPoint","urlTemplate":"https:\/\/www.nantes-chercheur.org\/en\/?s={search_term_string}"},"query-input":{"@type":"PropertyValueSpecification","valueRequired":true,"valueName":"search_term_string"}}],"inLanguage":"en"},{"@type":"Organization","@id":"https:\/\/www.nantes-chercheur.org\/en\/#organization","name":"Association des Chercheurs \u00c9trangers \u00e0 Nantes","url":"https:\/\/www.nantes-chercheur.org\/en\/","logo":{"@type":"ImageObject","inLanguage":"en","@id":"https:\/\/www.nantes-chercheur.org\/en\/#\/schema\/logo\/image\/","url":"https:\/\/www.nantes-chercheur.org\/wp-content\/uploads\/logo-chercheurs-etrangers-nantes.png","contentUrl":"https:\/\/www.nantes-chercheur.org\/wp-content\/uploads\/logo-chercheurs-etrangers-nantes.png","width":305,"height":126,"caption":"Association des Chercheurs \u00c9trangers \u00e0 Nantes"},"image":{"@id":"https:\/\/www.nantes-chercheur.org\/en\/#\/schema\/logo\/image\/"}}]}},"_links":{"self":[{"href":"https:\/\/www.nantes-chercheur.org\/en\/wp-json\/wp\/v2\/pages\/2032","targetHints":{"allow":["GET"]}}],"collection":[{"href":"https:\/\/www.nantes-chercheur.org\/en\/wp-json\/wp\/v2\/pages"}],"about":[{"href":"https:\/\/www.nantes-chercheur.org\/en\/wp-json\/wp\/v2\/types\/page"}],"author":[{"embeddable":true,"href":"https:\/\/www.nantes-chercheur.org\/en\/wp-json\/wp\/v2\/users\/1"}],"replies":[{"embeddable":true,"href":"https:\/\/www.nantes-chercheur.org\/en\/wp-json\/wp\/v2\/comments?post=2032"}],"version-history":[{"count":0,"href":"https:\/\/www.nantes-chercheur.org\/en\/wp-json\/wp\/v2\/pages\/2032\/revisions"}],"wp:attachment":[{"href":"https:\/\/www.nantes-chercheur.org\/en\/wp-json\/wp\/v2\/media?parent=2032"}],"curies":[{"name":"wp","href":"https:\/\/api.w.org\/{rel}","templated":true}]}}